{"id":218,"date":"2016-11-08T13:33:41","date_gmt":"2016-11-08T12:33:41","guid":{"rendered":"http:\/\/www.clg-dampierre.ac-besancon.fr\/?page_id=218"},"modified":"2017-09-21T14:23:25","modified_gmt":"2017-09-21T12:23:25","slug":"cdi","status":"publish","type":"page","link":"http:\/\/www.clg-dampierre.ac-besancon.fr\/?page_id=218","title":{"rendered":"CDI"},"content":{"rendered":"<p>Le CDI est un espace de lecture, d&rsquo;information, de culture et de travail, ouvert \u00e0 l\u2019ensemble des membres de la communaut\u00e9 \u00e9ducative.<br \/>\nLe professeur documentaliste y accueille les \u00e9l\u00e8ves volontaires, sur leur temps de permanence, pour lire, emprunter des ouvrages, rechercher des informations, r\u00e9aliser un projet, cela dans le respect du protocole d&rsquo;accueil, \u00e9tabli en accord avec le chef d&rsquo;\u00e9tablissement, affich\u00e9 \u00e0 l&rsquo;entr\u00e9e du CDI.<br \/>\nLe professeur documentaliste peut \u00e9galement y mener un travail p\u00e9dagogique avec des classes, seul ou en partenariat avec un ou plusieurs professeurs.<br \/>\nLe CDI est un lieu d\u2019accueil qui laisse \u00e0 l\u2019\u00e9l\u00e8ve une certaine autonomie dans le respect de la vie collective : comportement calme, respect du mat\u00e9riel et de la documentation, respect de la charte d\u2019utilisation des ordinateurs et de l\u2019internet au coll\u00e8ge.<\/p>\n<p><strong>Ouverture :<\/strong><\/p>\n<p>Lundi : 8h-12h \/ 13h-16h<br \/>\nMardi : 9h-12h \/ 13h-17h<br \/>\nJeudi : 8h-12h \/ 13h-17h<br \/>\nVendredi : 8h-12h \/ 13h-17h<\/p>\n<p><strong>\u00a0<\/strong><\/p>\n<p><strong>Esidoc,<\/strong> portail documentaire du CDI, permet de rechercher les documents qui sont au CDI ainsi que des informations en ligne en lien avec les programmes et projets du coll\u00e8ge.<br \/>\nOn peut y acc\u00e9der depuis ENOE.<\/p>\n<p>Vues du CDI :<\/p>\n<p><img loading=\"lazy\" decoding=\"async\" class=\"alignleft size-medium wp-image-1141\" src=\"http:\/\/www.clg-dampierre.ac-besancon.fr\/wp-content\/uploads\/sites\/30\/2016\/12\/Damp-red-2-300x169.jpg\" alt=\"\" width=\"300\" height=\"169\" srcset=\"http:\/\/www.clg-dampierre.ac-besancon.fr\/wp-content\/uploads\/sites\/30\/2016\/12\/Damp-red-2-300x169.jpg 300w, http:\/\/www.clg-dampierre.ac-besancon.fr\/wp-content\/uploads\/sites\/30\/2016\/12\/Damp-red-2-768x432.jpg 768w, http:\/\/www.clg-dampierre.ac-besancon.fr\/wp-content\/uploads\/sites\/30\/2016\/12\/Damp-red-2.jpg 1000w\" sizes=\"auto, (max-width: 300px) 100vw, 300px\" \/><\/p>\n<p><img loading=\"lazy\" decoding=\"async\" class=\"alignleft size-medium wp-image-1140\" src=\"http:\/\/www.clg-dampierre.ac-besancon.fr\/wp-content\/uploads\/sites\/30\/2016\/12\/Dampierre-r\u00e9d-1-1-300x169.jpg\" alt=\"\" width=\"300\" height=\"169\" srcset=\"http:\/\/www.clg-dampierre.ac-besancon.fr\/wp-content\/uploads\/sites\/30\/2016\/12\/Dampierre-r\u00e9d-1-1-300x169.jpg 300w, http:\/\/www.clg-dampierre.ac-besancon.fr\/wp-content\/uploads\/sites\/30\/2016\/12\/Dampierre-r\u00e9d-1-1-768x432.jpg 768w, http:\/\/www.clg-dampierre.ac-besancon.fr\/wp-content\/uploads\/sites\/30\/2016\/12\/Dampierre-r\u00e9d-1-1.jpg 1000w\" sizes=\"auto, (max-width: 300px) 100vw, 300px\" \/><\/p>\n<p><img loading=\"lazy\" decoding=\"async\" class=\"alignleft size-medium wp-image-1138\" src=\"http:\/\/www.clg-dampierre.ac-besancon.fr\/wp-content\/uploads\/sites\/30\/2016\/12\/Champ-2-300x224.jpg\" alt=\"\" width=\"300\" height=\"224\" \/><\/p>\n<p><img loading=\"lazy\" decoding=\"async\" class=\"alignleft size-medium wp-image-1137\" src=\"http:\/\/www.clg-dampierre.ac-besancon.fr\/wp-content\/uploads\/sites\/30\/2016\/12\/Champ-1-300x224.jpg\" alt=\"\" width=\"300\" height=\"224\" srcset=\"http:\/\/www.clg-dampierre.ac-besancon.fr\/wp-content\/uploads\/sites\/30\/2016\/12\/Champ-1-300x224.jpg 300w, http:\/\/www.clg-dampierre.ac-besancon.fr\/wp-content\/uploads\/sites\/30\/2016\/12\/Champ-1-768x574.jpg 768w, http:\/\/www.clg-dampierre.ac-besancon.fr\/wp-content\/uploads\/sites\/30\/2016\/12\/Champ-1.jpg 1000w\" sizes=\"auto, (max-width: 300px) 100vw, 300px\" \/><\/p>\n","protected":false},"excerpt":{"rendered":"<p>Le CDI est un espace de lecture, d&rsquo;information, de culture et de travail, ouvert \u00e0 l\u2019ensemble des membres de la communaut\u00e9 \u00e9ducative. Le professeur documentaliste y accueille les \u00e9l\u00e8ves volontaires, sur leur temps de permanence, pour lire, emprunter des ouvrages, rechercher des informations, r\u00e9aliser un projet, cela dans le respect du protocole d&rsquo;accueil, \u00e9tabli en &hellip; <\/p>\n<p><a class=\"more-link btn\" href=\"http:\/\/www.clg-dampierre.ac-besancon.fr\/?page_id=218\">Lire la suite<\/a><\/p>\n","protected":false},"author":1188,"featured_media":0,"parent":0,"menu_order":0,"comment_status":"closed","ping_status":"closed","template":"","meta":{"ngg_post_thumbnail":0,"footnotes":""},"class_list":["post-218","page","type-page","status-publish","hentry","nodate","item-wrap"],"publishpress_future_action":{"enabled":false,"date":"2026-05-11 10:25:00","action":"change-status","newStatus":"draft","terms":[],"taxonomy":"","extraData":[]},"publishpress_future_workflow_manual_trigger":{"enabledWorkflows":[]},"_links":{"self":[{"href":"http:\/\/www.clg-dampierre.ac-besancon.fr\/index.php?rest_route=\/wp\/v2\/pages\/218","targetHints":{"allow":["GET"]}}],"collection":[{"href":"http:\/\/www.clg-dampierre.ac-besancon.fr\/index.php?rest_route=\/wp\/v2\/pages"}],"about":[{"href":"http:\/\/www.clg-dampierre.ac-besancon.fr\/index.php?rest_route=\/wp\/v2\/types\/page"}],"author":[{"embeddable":true,"href":"http:\/\/www.clg-dampierre.ac-besancon.fr\/index.php?rest_route=\/wp\/v2\/users\/1188"}],"replies":[{"embeddable":true,"href":"http:\/\/www.clg-dampierre.ac-besancon.fr\/index.php?rest_route=%2Fwp%2Fv2%2Fcomments&post=218"}],"version-history":[{"count":11,"href":"http:\/\/www.clg-dampierre.ac-besancon.fr\/index.php?rest_route=\/wp\/v2\/pages\/218\/revisions"}],"predecessor-version":[{"id":2559,"href":"http:\/\/www.clg-dampierre.ac-besancon.fr\/index.php?rest_route=\/wp\/v2\/pages\/218\/revisions\/2559"}],"wp:attachment":[{"href":"http:\/\/www.clg-dampierre.ac-besancon.fr\/index.php?rest_route=%2Fwp%2Fv2%2Fmedia&parent=218"}],"curies":[{"name":"wp","href":"https:\/\/api.w.org\/{rel}","templated":true}]}}