{"id":74,"date":"2016-11-08T11:09:44","date_gmt":"2016-11-08T10:09:44","guid":{"rendered":"http:\/\/www.clg-dampierre.ac-besancon.fr\/?page_id=74"},"modified":"2020-09-15T17:07:14","modified_gmt":"2020-09-15T15:07:14","slug":"mot-du-principal","status":"publish","type":"page","link":"http:\/\/www.clg-dampierre.ac-besancon.fr\/?page_id=74","title":{"rendered":"Mot du principal"},"content":{"rendered":"<p>A tous les membres de la communaut\u00e9 \u00e9ducative, je souhaite la bienvenue sur le site du coll\u00e8ge de Dampierre.<\/p>\n<p>Porte ouverte sur le coll\u00e8ge, il vous permet de d\u00e9couvrir les projets et r\u00e9alisations conduits par les \u00e9quipes p\u00e9dagogiques. Il vous est \u00e9galement possible de prendre\u00a0plus facilement connaissance\u00a0des actualit\u00e9s et des temps de rencontres qui rythment la vie de l\u2019\u00e9tablissement, mais aussi de toutes les informations dont vous avez besoin.<\/p>\n<p>Ce site est con\u00e7u comme un lieu de partage et de communication au service de la r\u00e9ussite de nos \u00e9l\u00e8ves.<\/p>\n<p>La Principale,<\/p>\n<p>Mich\u00e8le DESCHAMPS<\/p>\n","protected":false},"excerpt":{"rendered":"<p>A tous les membres de la communaut\u00e9 \u00e9ducative, je souhaite la bienvenue sur le site du coll\u00e8ge de Dampierre. Porte ouverte sur le coll\u00e8ge, il vous permet de d\u00e9couvrir les projets et r\u00e9alisations conduits par les \u00e9quipes p\u00e9dagogiques. Il vous est \u00e9galement possible de prendre\u00a0plus facilement connaissance\u00a0des actualit\u00e9s et des temps de rencontres qui rythment &hellip; <\/p>\n<p><a class=\"more-link btn\" href=\"http:\/\/www.clg-dampierre.ac-besancon.fr\/?page_id=74\">Lire la suite<\/a><\/p>\n","protected":false},"author":1189,"featured_media":0,"parent":0,"menu_order":0,"comment_status":"closed","ping_status":"closed","template":"","meta":{"ngg_post_thumbnail":0,"footnotes":""},"class_list":["post-74","page","type-page","status-publish","hentry","nodate","item-wrap"],"publishpress_future_action":{"enabled":false,"date":"2026-04-25 03:41:21","action":"change-status","newStatus":"draft","terms":[],"taxonomy":"","extraData":[]},"publishpress_future_workflow_manual_trigger":{"enabledWorkflows":[]},"_links":{"self":[{"href":"http:\/\/www.clg-dampierre.ac-besancon.fr\/index.php?rest_route=\/wp\/v2\/pages\/74","targetHints":{"allow":["GET"]}}],"collection":[{"href":"http:\/\/www.clg-dampierre.ac-besancon.fr\/index.php?rest_route=\/wp\/v2\/pages"}],"about":[{"href":"http:\/\/www.clg-dampierre.ac-besancon.fr\/index.php?rest_route=\/wp\/v2\/types\/page"}],"author":[{"embeddable":true,"href":"http:\/\/www.clg-dampierre.ac-besancon.fr\/index.php?rest_route=\/wp\/v2\/users\/1189"}],"replies":[{"embeddable":true,"href":"http:\/\/www.clg-dampierre.ac-besancon.fr\/index.php?rest_route=%2Fwp%2Fv2%2Fcomments&post=74"}],"version-history":[{"count":9,"href":"http:\/\/www.clg-dampierre.ac-besancon.fr\/index.php?rest_route=\/wp\/v2\/pages\/74\/revisions"}],"predecessor-version":[{"id":5374,"href":"http:\/\/www.clg-dampierre.ac-besancon.fr\/index.php?rest_route=\/wp\/v2\/pages\/74\/revisions\/5374"}],"wp:attachment":[{"href":"http:\/\/www.clg-dampierre.ac-besancon.fr\/index.php?rest_route=%2Fwp%2Fv2%2Fmedia&parent=74"}],"curies":[{"name":"wp","href":"https:\/\/api.w.org\/{rel}","templated":true}]}}