{"id":80,"date":"2016-11-08T11:10:31","date_gmt":"2016-11-08T10:10:31","guid":{"rendered":"http:\/\/www.clg-dampierre.ac-besancon.fr\/?page_id=80"},"modified":"2020-10-06T16:27:09","modified_gmt":"2020-10-06T14:27:09","slug":"infirmerie","status":"publish","type":"page","link":"http:\/\/www.clg-dampierre.ac-besancon.fr\/?page_id=80","title":{"rendered":"Infirmerie"},"content":{"rendered":"<p><strong>L&rsquo;infirmerie est ouverte <\/strong><\/p>\n<p><strong>Le Mardi\u00a0 <\/strong><strong>de 8h30 \u00e0 17h00<br \/>\n<\/strong><\/p>\n<p>Le Jeudi (semaine A) de 8h30 \u00e0 12h00<\/p>\n<p><strong>Le Vendredi de 8h30 \u00e0 17h00<\/strong><\/p>\n<p><strong>Missions de l&rsquo;infirmi\u00e8re:<\/strong><\/p>\n<p>-Accueillir, \u00c9couter, Accompagner les \u00e9l\u00e8ves.<\/p>\n<p>-Organiser les soins et les urgences.<\/p>\n<p>-Administrer des traitements <strong>sur ordonnance. <\/strong>Tout m\u00e9dicament (sauf traitement particulier et pr\u00e9alablement autoris\u00e9 tel que ventoline pour asthme) doit \u00eatre d\u00e9pos\u00e9 \u00e0 l&rsquo;infirmerie avec l&rsquo;ordonnance (ou au BVS si absence de l&rsquo;infirmi\u00e8re).<\/p>\n<p>-D\u00e9pistage infirmier des \u00e9l\u00e8ves de 6\u00e8me.<\/p>\n<p>-Participer \u00e0 l&rsquo;int\u00e9gration des \u00e9l\u00e8ves en difficult\u00e9 ou ayant des probl\u00e8mes m\u00e9dicaux (PAI, PPS, PAP)<\/p>\n<p>-Organiser le suivi de l&rsquo;\u00e9tat de sant\u00e9 des \u00e9l\u00e8ves.<\/p>\n<p>-\u00c9ducation \u00e0 la sant\u00e9 avec des interventions de pr\u00e9vention aupr\u00e8s des \u00e9l\u00e8ves sur diff\u00e9rents th\u00e8mes. (petit d\u00e9jeuner, conduites addictives, vie affective, harc\u00e8lement)<\/p>\n<p>-Intervenir dans le cadre de l&rsquo; enfance en danger.<\/p>\n<p>L&rsquo;infirmi\u00e8re est tenue au secret professionnel, ce qui permet aux \u00e9l\u00e8ves et aux adultes de pouvoir se confier en toute confiance.<\/p>\n<p>L&rsquo;infirmi\u00e8re, r\u00e9f\u00e9rent sant\u00e9 de l&rsquo;\u00e9tablissement, travaille en collaboration avec l&rsquo;ensemble de\u00a0 l&rsquo;\u00e9quipe \u00e9ducative, le m\u00e9decin scolaire et l&rsquo;assistante sociale.<\/p>\n<p>Mme RIVI\u00c8RE, infirmi\u00e8re scolaire.<\/p>\n<p>&nbsp;<\/p>\n","protected":false},"excerpt":{"rendered":"<p>L&rsquo;infirmerie est ouverte Le Mardi\u00a0 de 8h30 \u00e0 17h00 Le Jeudi (semaine A) de 8h30 \u00e0 12h00 Le Vendredi de 8h30 \u00e0 17h00 Missions de l&rsquo;infirmi\u00e8re: -Accueillir, \u00c9couter, Accompagner les \u00e9l\u00e8ves. -Organiser les soins et les urgences. -Administrer des traitements sur ordonnance. Tout m\u00e9dicament (sauf traitement particulier et pr\u00e9alablement autoris\u00e9 tel que ventoline pour asthme) &hellip; <\/p>\n<p><a class=\"more-link btn\" href=\"http:\/\/www.clg-dampierre.ac-besancon.fr\/?page_id=80\">Lire la suite<\/a><\/p>\n","protected":false},"author":1189,"featured_media":0,"parent":0,"menu_order":0,"comment_status":"closed","ping_status":"closed","template":"","meta":{"ngg_post_thumbnail":0,"footnotes":""},"class_list":["post-80","page","type-page","status-publish","hentry","nodate","item-wrap"],"publishpress_future_action":{"enabled":false,"date":"2026-05-08 02:51:22","action":"change-status","newStatus":"draft","terms":[],"taxonomy":"","extraData":[]},"publishpress_future_workflow_manual_trigger":{"enabledWorkflows":[]},"_links":{"self":[{"href":"http:\/\/www.clg-dampierre.ac-besancon.fr\/index.php?rest_route=\/wp\/v2\/pages\/80","targetHints":{"allow":["GET"]}}],"collection":[{"href":"http:\/\/www.clg-dampierre.ac-besancon.fr\/index.php?rest_route=\/wp\/v2\/pages"}],"about":[{"href":"http:\/\/www.clg-dampierre.ac-besancon.fr\/index.php?rest_route=\/wp\/v2\/types\/page"}],"author":[{"embeddable":true,"href":"http:\/\/www.clg-dampierre.ac-besancon.fr\/index.php?rest_route=\/wp\/v2\/users\/1189"}],"replies":[{"embeddable":true,"href":"http:\/\/www.clg-dampierre.ac-besancon.fr\/index.php?rest_route=%2Fwp%2Fv2%2Fcomments&post=80"}],"version-history":[{"count":8,"href":"http:\/\/www.clg-dampierre.ac-besancon.fr\/index.php?rest_route=\/wp\/v2\/pages\/80\/revisions"}],"predecessor-version":[{"id":5388,"href":"http:\/\/www.clg-dampierre.ac-besancon.fr\/index.php?rest_route=\/wp\/v2\/pages\/80\/revisions\/5388"}],"wp:attachment":[{"href":"http:\/\/www.clg-dampierre.ac-besancon.fr\/index.php?rest_route=%2Fwp%2Fv2%2Fmedia&parent=80"}],"curies":[{"name":"wp","href":"https:\/\/api.w.org\/{rel}","templated":true}]}}